{"id":63496,"date":"2024-10-21T07:49:49","date_gmt":"2024-10-21T07:49:49","guid":{"rendered":"https:\/\/www.visitrivieraapuana.it\/progetto-finanziato-con-fondi-fsc\/"},"modified":"2024-10-21T08:21:24","modified_gmt":"2024-10-21T08:21:24","slug":"projet-finance-par-des-fonds-du-fsc","status":"publish","type":"page","link":"https:\/\/www.visitrivieraapuana.it\/fr\/projet-finance-par-des-fonds-du-fsc\/","title":{"rendered":"Projet financ\u00e9 par des fonds du FSC"},"content":{"rendered":"<div class=\"wpb-content-wrapper\"><p>[vc_row][vc_column][vc_column_text<b>]Projet financ\u00e9 avec des fonds FSC<\/b><\/p>\n<p><span style=\"font-weight: 400;\">En 2022, l&#8217;Ambito Turistico Riviera Apuana a particip\u00e9 \u00e0 l&#8217;Avis (D\u00e9cret R.T. 29 mars 2022, n. 5985) pour la pr\u00e9sentation d&#8217;un projet d&#8217;intervention visant \u00e0 am\u00e9liorer l&#8217;attractivit\u00e9 des destinations, c&#8217;est-\u00e0-dire \u00e0 am\u00e9liorer la capacit\u00e9 d&#8217;accueil des territoires du point de vue touristique, dans le cadre des t\u00e2ches et des fonctions pr\u00e9vues par la Loi r\u00e9gionale n.86\/2016 pour les Ambiti territoriali, avec le titre <\/span><b>Riviera Apuana &#8211; Terra Scolpita : pour la qualification de l&#8217;offre touristique locale.<\/b><\/p>\n<p><span style=\"font-weight: 400;\">L&#8217;objectif du projet est la valorisation et le progr\u00e8s de l&#8217;organisation de l&#8217;offre touristique, l&#8217;am\u00e9lioration du niveau d&#8217;accueil du territoire et sa coordination, selon une vision orient\u00e9e vers les tendances de la demande touristique actuelle et potentielle, de mani\u00e8re coh\u00e9rente avec les besoins r\u00e9els de la destination et avec les objectifs strat\u00e9giques et de gouvernance \u00e9tablis par la TPT. <\/span><\/p>\n<p><b>Actions et activit\u00e9s<\/b><\/p>\n<p><span style=\"font-weight: 400;\">Les actions envisag\u00e9es par le projet sont les suivantes<\/span><\/p>\n<ul>\n<li style=\"font-weight: 400;\" aria-level=\"1\"><span style=\"font-weight: 400;\">Mise \u00e0 jour du personnel d&#8217;Ambit et des employ\u00e9s des services du R\u00e9seau I.A.T.<\/span><\/li>\n<li style=\"font-weight: 400;\" aria-level=\"1\"><span style=\"font-weight: 400;\">Activit\u00e9s de soutien aux initiatives promues par Toscana Promozione Turistica<\/span><\/li>\n<li style=\"font-weight: 400;\" aria-level=\"1\"><span style=\"font-weight: 400;\">Audit des destinations<\/span><\/li>\n<li style=\"font-weight: 400;\" aria-level=\"1\"><span style=\"font-weight: 400;\">Coordination de l&#8217;offre touristique<\/span><\/li>\n<li style=\"font-weight: 400;\" aria-level=\"1\"><span style=\"font-weight: 400;\">Mise en place de contenus pour le portail de destination, le portail r\u00e9gional, le portail social<\/span><\/li>\n<li style=\"font-weight: 400;\" aria-level=\"1\"><span style=\"font-weight: 400;\">Mise en \u0153uvre de l&#8217;instrumentation num\u00e9rique dans les points IAT du r\u00e9seau Ambit<\/span><\/li>\n<li style=\"font-weight: 400;\" aria-level=\"1\"><span style=\"font-weight: 400;\">Mat\u00e9riel d&#8217;information coordonn\u00e9<\/span><\/li>\n<li style=\"font-weight: 400;\" aria-level=\"1\"><span style=\"font-weight: 400;\">Brevet d&#8217;hospitalit\u00e9<\/span><\/li>\n<li style=\"font-weight: 400;\" aria-level=\"1\"><span style=\"font-weight: 400;\">Production de courtes vid\u00e9os exp\u00e9rientielles th\u00e9matiques<\/span><\/li>\n<li style=\"font-weight: 400;\" aria-level=\"1\"><span style=\"font-weight: 400;\">R\u00e9vision du portail de destination<\/span><\/li>\n<li style=\"font-weight: 400;\" aria-level=\"1\"><span style=\"font-weight: 400;\">Syst\u00e8me d&#8217;information num\u00e9rique QR code<\/span><\/li>\n<li style=\"font-weight: 400;\" aria-level=\"1\"><span style=\"font-weight: 400;\">Soutien au d\u00e9marrage de l&#8217;activit\u00e9 Area DMC<\/span><\/li>\n<\/ul>\n<p><b>Financement du projet<\/b><\/p>\n<p><span style=\"font-weight: 400;\">Le projet est financ\u00e9 par des fonds FSC avec une contribution de 163 982,51 \u20ac. <\/span>[\/vc_column_text][\/vc_column][\/vc_row][vc_row][vc_column][vc_raw_html css=&#8221;&#8221;]JTNDZGl2JTIwY2xhc3MlM0QlMjJ2Y19yb3clMjB3cGJfcm93JTIwdmNfaW5uZXIlMjB2Y19yb3ctZmx1aWQlMjIlM0UlM0NkaXYlMjBjbGFzcyUzRCUyMndwYl9jb2x1bW4lMjB2Y19jb2x1bW5fY29udGFpbmVyJTIwdmNfY29sLXNtLTMlMjIlM0UlM0NkaXYlMjBjbGFzcyUzRCUyMnZjX2NvbHVtbi1pbm5lciUyMiUzRSUzQ2RpdiUyMGNsYXNzJTNEJTIyd3BiX3dyYXBwZXIlMjIlM0UlM0NkaXYlMjBjbGFzcyUzRCUyMnZjX2VtcHR5X3NwYWNlJTIyJTIwc3R5bGUlM0QlMjJoZWlnaHQlM0ElMjA1cmVtJTIyJTNFJTNDc3BhbiUyMGNsYXNzJTNEJTIydmNfZW1wdHlfc3BhY2VfaW5uZXIlMjIlM0UlM0MlMkZzcGFuJTNFJTNDJTJGZGl2JTNFJTNDZGl2JTIwY2xhc3MlM0QlMjJ3cGJfc2luZ2xlX2ltYWdlJTIwd3BiX2NvbnRlbnRfZWxlbWVudCUyMHZjX2FsaWduX2NlbnRlciUyMiUzRSUzQ2ZpZ3VyZSUyMGNsYXNzJTNEJTIyd3BiX3dyYXBwZXIlMjB2Y19maWd1cmUlMjIlM0UlM0NkaXYlMjBjbGFzcyUzRCUyMnZjX3NpbmdsZV9pbWFnZS13cmFwcGVyJTIwJTIwJTIwdmNfYm94X2JvcmRlcl9ncmV5JTIyJTNFJTNDaW1nJTIwZGVjb2RpbmclM0QlMjJhc3luYyUyMiUyMGNsYXNzJTNEJTIydmNfc2luZ2xlX2ltYWdlLWltZyUyMCUyMiUyMHNyYyUzRCUyMmh0dHBzJTNBJTJGJTJGd3d3LnZpc2l0cml2aWVyYWFwdWFuYS5pdCUyRndwLWNvbnRlbnQlMkZ1cGxvYWRzJTJGMjAyNCUyRjEwJTJGbG9nb19mc2MucG5nJTIyJTIwd2lkdGglM0QlMjIyMDAlMjIlMjBoZWlnaHQlM0QlMjIxMDQlMjIlMjBhbHQlM0QlMjJsb2dvX2ZzYyUyMiUyMHRpdGxlJTNEJTIybG9nb19mc2MlMjIlM0UlM0MlMkZkaXYlM0UlM0MlMkZmaWd1cmUlM0UlM0MlMkZkaXYlM0UlM0MlMkZkaXYlM0UlM0MlMkZkaXYlM0UlM0MlMkZkaXYlM0UlM0NkaXYlMjBjbGFzcyUzRCUyMndwYl9jb2x1bW4lMjB2Y19jb2x1bW5fY29udGFpbmVyJTIwdmNfY29sLXNtLTMlMjIlM0UlM0NkaXYlMjBjbGFzcyUzRCUyMnZjX2NvbHVtbi1pbm5lciUyMiUzRSUzQ2RpdiUyMGNsYXNzJTNEJTIyd3BiX3dyYXBwZXIlMjIlM0UlM0NkaXYlMjBjbGFzcyUzRCUyMnZjX2VtcHR5X3NwYWNlJTIyJTIwc3R5bGUlM0QlMjJoZWlnaHQlM0ElMjA1cmVtJTIyJTNFJTNDc3BhbiUyMGNsYXNzJTNEJTIydmNfZW1wdHlfc3BhY2VfaW5uZXIlMjIlM0UlM0MlMkZzcGFuJTNFJTNDJTJGZGl2JTNFJTNDZGl2JTIwY2xhc3MlM0QlMjJ3cGJfc2luZ2xlX2ltYWdlJTIwd3BiX2NvbnRlbnRfZWxlbWVudCUyMHZjX2FsaWduX2NlbnRlciUyMiUzRSUzQ2ZpZ3VyZSUyMGNsYXNzJTNEJTIyd3BiX3dyYXBwZXIlMjB2Y19maWd1cmUlMjIlM0UlM0NkaXYlMjBjbGFzcyUzRCUyMnZjX3NpbmdsZV9pbWFnZS13cmFwcGVyJTIwJTIwJTIwdmNfYm94X2JvcmRlcl9ncmV5JTIyJTNFJTNDaW1nJTIwZGVjb2RpbmclM0QlMjJhc3luYyUyMiUyMGNsYXNzJTNEJTIydmNfc2luZ2xlX2ltYWdlLWltZyUyMCUyMiUyMHNyYyUzRCUyMmh0dHBzJTNBJTJGJTJGd3d3LnZpc2l0cml2aWVyYWFwdWFuYS5pdCUyRndwLWNvbnRlbnQlMkZ1cGxvYWRzJTJGMjAyNCUyRjEwJTJGbG9nb190b3NjYW5hLnBuZyUyMiUyMHdpZHRoJTNEJTIyMjAwJTIyJTIwaGVpZ2h0JTNEJTIyMTA0JTIyJTIwYWx0JTNEJTIybG9nb190b3NjYW5hJTIyJTIwdGl0bGUlM0QlMjJsb2dvX3Rvc2NhbmElMjIlM0UlM0MlMkZkaXYlM0UlM0MlMkZmaWd1cmUlM0UlM0MlMkZkaXYlM0UlM0MlMkZkaXYlM0UlM0MlMkZkaXYlM0UlM0MlMkZkaXYlM0UlM0NkaXYlMjBjbGFzcyUzRCUyMndwYl9jb2x1bW4lMjB2Y19jb2x1bW5fY29udGFpbmVyJTIwdmNfY29sLXNtLTMlMjIlM0UlM0NkaXYlMjBjbGFzcyUzRCUyMnZjX2NvbHVtbi1pbm5lciUyMiUzRSUzQ2RpdiUyMGNsYXNzJTNEJTIyd3BiX3dyYXBwZXIlMjIlM0UlM0NkaXYlMjBjbGFzcyUzRCUyMnZjX2VtcHR5X3NwYWNlJTIyJTIwc3R5bGUlM0QlMjJoZWlnaHQlM0ElMjA1cmVtJTIyJTNFJTNDc3BhbiUyMGNsYXNzJTNEJTIydmNfZW1wdHlfc3BhY2VfaW5uZXIlMjIlM0UlM0MlMkZzcGFuJTNFJTNDJTJGZGl2JTNFJTNDZGl2JTIwY2xhc3MlM0QlMjJ3cGJfc2luZ2xlX2ltYWdlJTIwd3BiX2NvbnRlbnRfZWxlbWVudCUyMHZjX2FsaWduX2NlbnRlciUyMiUzRSUzQ2ZpZ3VyZSUyMGNsYXNzJTNEJTIyd3BiX3dyYXBwZXIlMjB2Y19maWd1cmUlMjIlM0UlM0NkaXYlMjBjbGFzcyUzRCUyMnZjX3NpbmdsZV9pbWFnZS13cmFwcGVyJTIwJTIwJTIwdmNfYm94X2JvcmRlcl9ncmV5JTIyJTNFJTNDaW1nJTIwZGVjb2RpbmclM0QlMjJhc3luYyUyMiUyMGNsYXNzJTNEJTIydmNfc2luZ2xlX2ltYWdlLWltZyUyMCUyMiUyMHNyYyUzRCUyMmh0dHBzJTNBJTJGJTJGd3d3LnZpc2l0cml2aWVyYWFwdWFuYS5pdCUyRndwLWNvbnRlbnQlMkZ1cGxvYWRzJTJGMjAyNCUyRjEwJTJGbG9nb19yZXB1YmJsaWNhLnBuZyUyMiUyMHdpZHRoJTNEJTIyMjAwJTIyJTIwaGVpZ2h0JTNEJTIyMTA0JTIyJTIwYWx0JTNEJTIybG9nb19yZXB1YmJsaWNhJTIyJTIwdGl0bGUlM0QlMjJsb2dvX3JlcHViYmxpY2ElMjIlM0UlM0MlMkZkaXYlM0UlM0MlMkZmaWd1cmUlM0UlM0MlMkZkaXYlM0UlM0MlMkZkaXYlM0UlM0MlMkZkaXYlM0UlM0MlMkZkaXYlM0UlM0NkaXYlMjBjbGFzcyUzRCUyMndwYl9jb2x1bW4lMjB2Y19jb2x1bW5fY29udGFpbmVyJTIwdmNfY29sLXNtLTMlMjIlM0UlM0NkaXYlMjBjbGFzcyUzRCUyMnZjX2NvbHVtbi1pbm5lciUyMiUzRSUzQ2RpdiUyMGNsYXNzJTNEJTIyd3BiX3dyYXBwZXIlMjIlM0UlM0NkaXYlMjBjbGFzcyUzRCUyMnZjX2VtcHR5X3NwYWNlJTIyJTIwc3R5bGUlM0QlMjJoZWlnaHQlM0ElMjA1cmVtJTIyJTNFJTNDc3BhbiUyMGNsYXNzJTNEJTIydmNfZW1wdHlfc3BhY2VfaW5uZXIlMjIlM0UlM0MlMkZzcGFuJTNFJTNDJTJGZGl2JTNFJTNDZGl2JTIwY2xhc3MlM0QlMjJ3cGJfc2luZ2xlX2ltYWdlJTIwd3BiX2NvbnRlbnRfZWxlbWVudCUyMHZjX2FsaWduX2NlbnRlciUyMiUzRSUzQ2ZpZ3VyZSUyMGNsYXNzJTNEJTIyd3BiX3dyYXBwZXIlMjB2Y19maWd1cmUlMjIlM0UlM0NkaXYlMjBjbGFzcyUzRCUyMnZjX3NpbmdsZV9pbWFnZS13cmFwcGVyJTIwJTIwJTIwdmNfYm94X2JvcmRlcl9ncmV5JTIyJTNFJTNDaW1nJTIwbG9hZGluZyUzRCUyMmxhenklMjIlMjBkZWNvZGluZyUzRCUyMmFzeW5jJTIyJTIwY2xhc3MlM0QlMjJ2Y19zaW5nbGVfaW1hZ2UtaW1nJTIwJTIyJTIwc3JjJTNEJTIyaHR0cHMlM0ElMkYlMkZ3d3cudmlzaXRyaXZpZXJhYXB1YW5hLml0JTJGd3AtY29udGVudCUyRnVwbG9hZHMlMkYyMDI0JTJGMTAlMkZsb2dvX3Byb21vemlvbmUucG5nJTIyJTIwd2lkdGglM0QlMjIyMDAlMjIlMjBoZWlnaHQlM0QlMjIxMDQlMjIlMjBhbHQlM0QlMjJsb2dvX3Byb21vemlvbmUlMjIlMjB0aXRsZSUzRCUyMmxvZ29fcHJvbW96aW9uZSUyMiUzRSUzQyUyRmRpdiUzRSUzQyUyRmZpZ3VyZSUzRSUzQyUyRmRpdiUzRSUzQyUyRmRpdiUzRSUzQyUyRmRpdiUzRSUzQyUyRmRpdiUzRSUzQyUyRmRpdiUzRQ==[\/vc_raw_html][\/vc_column][\/vc_row]<\/p>\n<\/div>","protected":false},"excerpt":{"rendered":"<p>[vc_row][vc_column][vc_column_text]Projet financ\u00e9 avec des fonds FSC En 2022, l&#8217;Ambito Turistico Riviera Apuana a particip\u00e9 \u00e0 l&#8217;Avis (D\u00e9cret R.T. 29 mars&#8230;<\/p>\n","protected":false},"author":1,"featured_media":0,"parent":0,"menu_order":0,"comment_status":"closed","ping_status":"closed","template":"","meta":{"footnotes":""},"class_list":["post-63496","page","type-page","status-publish"],"acf":[],"yoast_head":"<!-- This site is optimized with the Yoast SEO plugin v26.7 - https:\/\/yoast.com\/wordpress\/plugins\/seo\/ -->\n<title>Projet financ\u00e9 par des fonds du FSC - Visit Riviera Apuana<\/title>\n<meta name=\"robots\" content=\"index, follow, max-snippet:-1, max-image-preview:large, max-video-preview:-1\" \/>\n<link rel=\"canonical\" href=\"https:\/\/www.visitrivieraapuana.it\/progetto-finanziato-con-fondi-fsc\/\" \/>\n<meta property=\"og:locale\" content=\"fr_FR\" \/>\n<meta property=\"og:type\" content=\"article\" \/>\n<meta property=\"og:title\" content=\"Projet financ\u00e9 par des fonds du FSC - Visit Riviera Apuana\" \/>\n<meta property=\"og:description\" content=\"[vc_row][vc_column][vc_column_text]Projet financ\u00e9 avec des fonds FSC En 2022, l&#8217;Ambito Turistico Riviera Apuana a particip\u00e9 \u00e0 l&#8217;Avis (D\u00e9cret R.T. 29 mars...\" \/>\n<meta property=\"og:url\" content=\"https:\/\/www.visitrivieraapuana.it\/progetto-finanziato-con-fondi-fsc\/\" \/>\n<meta property=\"og:site_name\" content=\"Visit Riviera Apuana\" \/>\n<meta property=\"article:publisher\" content=\"https:\/\/www.facebook.com\/visitrivieraapuana\" \/>\n<meta property=\"article:modified_time\" content=\"2024-10-21T08:21:24+00:00\" \/>\n<meta name=\"twitter:card\" content=\"summary_large_image\" \/>\n<meta name=\"twitter:label1\" content=\"Dur\u00e9e de lecture estim\u00e9e\" \/>\n\t<meta name=\"twitter:data1\" content=\"2 minutes\" \/>\n<script type=\"application\/ld+json\" class=\"yoast-schema-graph\">{\"@context\":\"https:\/\/schema.org\",\"@graph\":[{\"@type\":\"WebPage\",\"@id\":\"https:\/\/www.visitrivieraapuana.it\/progetto-finanziato-con-fondi-fsc\/\",\"url\":\"https:\/\/www.visitrivieraapuana.it\/progetto-finanziato-con-fondi-fsc\/\",\"name\":\"Projet financ\u00e9 par des fonds du FSC - Visit Riviera Apuana\",\"isPartOf\":{\"@id\":\"https:\/\/www.visitrivieraapuana.it\/#website\"},\"datePublished\":\"2024-10-21T07:49:49+00:00\",\"dateModified\":\"2024-10-21T08:21:24+00:00\",\"breadcrumb\":{\"@id\":\"https:\/\/www.visitrivieraapuana.it\/progetto-finanziato-con-fondi-fsc\/#breadcrumb\"},\"inLanguage\":\"fr-FR\",\"potentialAction\":[{\"@type\":\"ReadAction\",\"target\":[\"https:\/\/www.visitrivieraapuana.it\/progetto-finanziato-con-fondi-fsc\/\"]}]},{\"@type\":\"BreadcrumbList\",\"@id\":\"https:\/\/www.visitrivieraapuana.it\/progetto-finanziato-con-fondi-fsc\/#breadcrumb\",\"itemListElement\":[{\"@type\":\"ListItem\",\"position\":1,\"name\":\"Home\",\"item\":\"https:\/\/www.visitrivieraapuana.it\/fr\/\"},{\"@type\":\"ListItem\",\"position\":2,\"name\":\"Projet financ\u00e9 par des fonds du FSC\"}]},{\"@type\":\"WebSite\",\"@id\":\"https:\/\/www.visitrivieraapuana.it\/#website\",\"url\":\"https:\/\/www.visitrivieraapuana.it\/\",\"name\":\"Visit Riviera Apuana\",\"description\":\"Sito del Turismo di Massa-Carrara. Scopri Massa-Carrara: sport, natura e cultura affacciati sul mare.\",\"publisher\":{\"@id\":\"https:\/\/www.visitrivieraapuana.it\/#organization\"},\"potentialAction\":[{\"@type\":\"SearchAction\",\"target\":{\"@type\":\"EntryPoint\",\"urlTemplate\":\"https:\/\/www.visitrivieraapuana.it\/?s={search_term_string}\"},\"query-input\":{\"@type\":\"PropertyValueSpecification\",\"valueRequired\":true,\"valueName\":\"search_term_string\"}}],\"inLanguage\":\"fr-FR\"},{\"@type\":\"Organization\",\"@id\":\"https:\/\/www.visitrivieraapuana.it\/#organization\",\"name\":\"Visit Riviera Apuana\",\"url\":\"https:\/\/www.visitrivieraapuana.it\/\",\"logo\":{\"@type\":\"ImageObject\",\"inLanguage\":\"fr-FR\",\"@id\":\"https:\/\/www.visitrivieraapuana.it\/#\/schema\/logo\/image\/\",\"url\":\"https:\/\/www.visitrivieraapuana.it\/wp-content\/uploads\/2020\/10\/RIVIERA-APUANA_LOGO_cmyk.svg\",\"contentUrl\":\"https:\/\/www.visitrivieraapuana.it\/wp-content\/uploads\/2020\/10\/RIVIERA-APUANA_LOGO_cmyk.svg\",\"width\":1,\"height\":1,\"caption\":\"Visit Riviera Apuana\"},\"image\":{\"@id\":\"https:\/\/www.visitrivieraapuana.it\/#\/schema\/logo\/image\/\"},\"sameAs\":[\"https:\/\/www.facebook.com\/visitrivieraapuana\",\"https:\/\/www.instagram.com\/visitrivieraapuana\"]}]}<\/script>\n<!-- \/ Yoast SEO plugin. -->","yoast_head_json":{"title":"Projet financ\u00e9 par des fonds du FSC - Visit Riviera Apuana","robots":{"index":"index","follow":"follow","max-snippet":"max-snippet:-1","max-image-preview":"max-image-preview:large","max-video-preview":"max-video-preview:-1"},"canonical":"https:\/\/www.visitrivieraapuana.it\/progetto-finanziato-con-fondi-fsc\/","og_locale":"fr_FR","og_type":"article","og_title":"Projet financ\u00e9 par des fonds du FSC - Visit Riviera Apuana","og_description":"[vc_row][vc_column][vc_column_text]Projet financ\u00e9 avec des fonds FSC En 2022, l&#8217;Ambito Turistico Riviera Apuana a particip\u00e9 \u00e0 l&#8217;Avis (D\u00e9cret R.T. 29 mars...","og_url":"https:\/\/www.visitrivieraapuana.it\/progetto-finanziato-con-fondi-fsc\/","og_site_name":"Visit Riviera Apuana","article_publisher":"https:\/\/www.facebook.com\/visitrivieraapuana","article_modified_time":"2024-10-21T08:21:24+00:00","twitter_card":"summary_large_image","twitter_misc":{"Dur\u00e9e de lecture estim\u00e9e":"2 minutes"},"schema":{"@context":"https:\/\/schema.org","@graph":[{"@type":"WebPage","@id":"https:\/\/www.visitrivieraapuana.it\/progetto-finanziato-con-fondi-fsc\/","url":"https:\/\/www.visitrivieraapuana.it\/progetto-finanziato-con-fondi-fsc\/","name":"Projet financ\u00e9 par des fonds du FSC - Visit Riviera Apuana","isPartOf":{"@id":"https:\/\/www.visitrivieraapuana.it\/#website"},"datePublished":"2024-10-21T07:49:49+00:00","dateModified":"2024-10-21T08:21:24+00:00","breadcrumb":{"@id":"https:\/\/www.visitrivieraapuana.it\/progetto-finanziato-con-fondi-fsc\/#breadcrumb"},"inLanguage":"fr-FR","potentialAction":[{"@type":"ReadAction","target":["https:\/\/www.visitrivieraapuana.it\/progetto-finanziato-con-fondi-fsc\/"]}]},{"@type":"BreadcrumbList","@id":"https:\/\/www.visitrivieraapuana.it\/progetto-finanziato-con-fondi-fsc\/#breadcrumb","itemListElement":[{"@type":"ListItem","position":1,"name":"Home","item":"https:\/\/www.visitrivieraapuana.it\/fr\/"},{"@type":"ListItem","position":2,"name":"Projet financ\u00e9 par des fonds du FSC"}]},{"@type":"WebSite","@id":"https:\/\/www.visitrivieraapuana.it\/#website","url":"https:\/\/www.visitrivieraapuana.it\/","name":"Visit Riviera Apuana","description":"Sito del Turismo di Massa-Carrara. Scopri Massa-Carrara: sport, natura e cultura affacciati sul mare.","publisher":{"@id":"https:\/\/www.visitrivieraapuana.it\/#organization"},"potentialAction":[{"@type":"SearchAction","target":{"@type":"EntryPoint","urlTemplate":"https:\/\/www.visitrivieraapuana.it\/?s={search_term_string}"},"query-input":{"@type":"PropertyValueSpecification","valueRequired":true,"valueName":"search_term_string"}}],"inLanguage":"fr-FR"},{"@type":"Organization","@id":"https:\/\/www.visitrivieraapuana.it\/#organization","name":"Visit Riviera Apuana","url":"https:\/\/www.visitrivieraapuana.it\/","logo":{"@type":"ImageObject","inLanguage":"fr-FR","@id":"https:\/\/www.visitrivieraapuana.it\/#\/schema\/logo\/image\/","url":"https:\/\/www.visitrivieraapuana.it\/wp-content\/uploads\/2020\/10\/RIVIERA-APUANA_LOGO_cmyk.svg","contentUrl":"https:\/\/www.visitrivieraapuana.it\/wp-content\/uploads\/2020\/10\/RIVIERA-APUANA_LOGO_cmyk.svg","width":1,"height":1,"caption":"Visit Riviera Apuana"},"image":{"@id":"https:\/\/www.visitrivieraapuana.it\/#\/schema\/logo\/image\/"},"sameAs":["https:\/\/www.facebook.com\/visitrivieraapuana","https:\/\/www.instagram.com\/visitrivieraapuana"]}]}},"_links":{"self":[{"href":"https:\/\/www.visitrivieraapuana.it\/fr\/wp-json\/wp\/v2\/pages\/63496","targetHints":{"allow":["GET"]}}],"collection":[{"href":"https:\/\/www.visitrivieraapuana.it\/fr\/wp-json\/wp\/v2\/pages"}],"about":[{"href":"https:\/\/www.visitrivieraapuana.it\/fr\/wp-json\/wp\/v2\/types\/page"}],"author":[{"embeddable":true,"href":"https:\/\/www.visitrivieraapuana.it\/fr\/wp-json\/wp\/v2\/users\/1"}],"replies":[{"embeddable":true,"href":"https:\/\/www.visitrivieraapuana.it\/fr\/wp-json\/wp\/v2\/comments?post=63496"}],"version-history":[{"count":3,"href":"https:\/\/www.visitrivieraapuana.it\/fr\/wp-json\/wp\/v2\/pages\/63496\/revisions"}],"predecessor-version":[{"id":63511,"href":"https:\/\/www.visitrivieraapuana.it\/fr\/wp-json\/wp\/v2\/pages\/63496\/revisions\/63511"}],"wp:attachment":[{"href":"https:\/\/www.visitrivieraapuana.it\/fr\/wp-json\/wp\/v2\/media?parent=63496"}],"curies":[{"name":"wp","href":"https:\/\/api.w.org\/{rel}","templated":true}]}}