{"id":63498,"date":"2024-10-21T07:49:49","date_gmt":"2024-10-21T07:49:49","guid":{"rendered":"https:\/\/www.visitrivieraapuana.it\/progetto-finanziato-con-fondi-fsc\/"},"modified":"2024-10-21T08:21:43","modified_gmt":"2024-10-21T08:21:43","slug":"proyecto-financiado-con-fondos-fsc","status":"publish","type":"page","link":"https:\/\/www.visitrivieraapuana.it\/es\/proyecto-financiado-con-fondos-fsc\/","title":{"rendered":"Proyecto financiado con fondos FSC"},"content":{"rendered":"<div class=\"wpb-content-wrapper\"><p>[vc_row][vc_column][vc_column_text<b>]Proyecto financiado con fondos FSC<\/b><\/p>\n<p><span style=\"font-weight: 400;\">En el a\u00f1o 2022 el Ambito Turistico Riviera <\/span><b>Apuana<\/b><span style=\"font-weight: 400;\">particip\u00f3 en la Convocatoria (Decreto R.T. 29 Marzo 2022, n. 5985) para la presentaci\u00f3n de un proyecto de intervenci\u00f3n dirigido a mejorar el atractivo de los destinos, es decir, mejorar la capacidad de acogida de los territorios desde el punto de vista tur\u00edstico, encuadr\u00e1ndose en las tareas y funciones previstas por la Ley Regional n.86\/2016 para los Ambiti territoriali, con el t\u00edtulo <\/span><b>Riviera Apuana &#8211; Terra Scolpita: para la cualificaci\u00f3n de la oferta tur\u00edstica local.<\/b><\/p>\n<p><span style=\"font-weight: 400;\">El objetivo del proyecto es la valorizaci\u00f3n y el progreso de la organizaci\u00f3n de la oferta tur\u00edstica, la mejora del nivel de acogida del territorio y su coordinaci\u00f3n, seg\u00fan una visi\u00f3n orientada a las tendencias de la demanda tur\u00edstica actual y potencial, de manera coherente con las necesidades reales del destino y con los objetivos estrat\u00e9gicos y de gobernanza establecidos por TPT <\/span><\/p>\n<p><b>Acciones y actividades<\/b><\/p>\n<p><span style=\"font-weight: 400;\">Las acciones previstas por el proyecto son las siguientes<\/span><\/p>\n<ul>\n<li style=\"font-weight: 400;\" aria-level=\"1\"><span style=\"font-weight: 400;\">Actualizaci\u00f3n del personal de Ambit y de los empleados de los servicios de la Red I.A.T.<\/span><\/li>\n<li style=\"font-weight: 400;\" aria-level=\"1\"><span style=\"font-weight: 400;\">Actividades de apoyo a las iniciativas promovidas por Toscana Promozione Turistica<\/span><\/li>\n<li style=\"font-weight: 400;\" aria-level=\"1\"><span style=\"font-weight: 400;\">Auditor\u00edas de destinos<\/span><\/li>\n<li style=\"font-weight: 400;\" aria-level=\"1\"><span style=\"font-weight: 400;\">Coordinaci\u00f3n de la oferta tur\u00edstica<\/span><\/li>\n<li style=\"font-weight: 400;\" aria-level=\"1\"><span style=\"font-weight: 400;\">Implementaci\u00f3n de contenidos para el portal del destino, portal regional, social<\/span><\/li>\n<li style=\"font-weight: 400;\" aria-level=\"1\"><span style=\"font-weight: 400;\">Implementaci\u00f3n de instrumentaci\u00f3n digital en los puntos IAT de la red Ambit<\/span><\/li>\n<li style=\"font-weight: 400;\" aria-level=\"1\"><span style=\"font-weight: 400;\">Materiales informativos coordinados<\/span><\/li>\n<li style=\"font-weight: 400;\" aria-level=\"1\"><span style=\"font-weight: 400;\">Patente de hospitalidad<\/span><\/li>\n<li style=\"font-weight: 400;\" aria-level=\"1\"><span style=\"font-weight: 400;\">Producci\u00f3n de v\u00eddeos cortos tem\u00e1ticos experienciales<\/span><\/li>\n<li style=\"font-weight: 400;\" aria-level=\"1\"><span style=\"font-weight: 400;\">Revisi\u00f3n del portal de destino<\/span><\/li>\n<li style=\"font-weight: 400;\" aria-level=\"1\"><span style=\"font-weight: 400;\">Sistema de informaci\u00f3n digital C\u00f3digo QR<\/span><\/li>\n<li style=\"font-weight: 400;\" aria-level=\"1\"><span style=\"font-weight: 400;\">Apoyo a la puesta en marcha de la actividad Area DMC<\/span><\/li>\n<\/ul>\n<p><b>Financiaci\u00f3n<\/b><\/p>\n<p><span style=\"font-weight: 400;\">El proyecto est\u00e1 financiado por fondos del FSC con una contribuci\u00f3n de 163.982,51 euros. <\/span>[\/vc_column_text][\/vc_column][\/vc_row][vc_row][vc_column][vc_raw_html css=&#8221;&#8221;]JTNDZGl2JTIwY2xhc3MlM0QlMjJ2Y19yb3clMjB3cGJfcm93JTIwdmNfaW5uZXIlMjB2Y19yb3ctZmx1aWQlMjIlM0UlM0NkaXYlMjBjbGFzcyUzRCUyMndwYl9jb2x1bW4lMjB2Y19jb2x1bW5fY29udGFpbmVyJTIwdmNfY29sLXNtLTMlMjIlM0UlM0NkaXYlMjBjbGFzcyUzRCUyMnZjX2NvbHVtbi1pbm5lciUyMiUzRSUzQ2RpdiUyMGNsYXNzJTNEJTIyd3BiX3dyYXBwZXIlMjIlM0UlM0NkaXYlMjBjbGFzcyUzRCUyMnZjX2VtcHR5X3NwYWNlJTIyJTIwc3R5bGUlM0QlMjJoZWlnaHQlM0ElMjA1cmVtJTIyJTNFJTNDc3BhbiUyMGNsYXNzJTNEJTIydmNfZW1wdHlfc3BhY2VfaW5uZXIlMjIlM0UlM0MlMkZzcGFuJTNFJTNDJTJGZGl2JTNFJTNDZGl2JTIwY2xhc3MlM0QlMjJ3cGJfc2luZ2xlX2ltYWdlJTIwd3BiX2NvbnRlbnRfZWxlbWVudCUyMHZjX2FsaWduX2NlbnRlciUyMiUzRSUzQ2ZpZ3VyZSUyMGNsYXNzJTNEJTIyd3BiX3dyYXBwZXIlMjB2Y19maWd1cmUlMjIlM0UlM0NkaXYlMjBjbGFzcyUzRCUyMnZjX3NpbmdsZV9pbWFnZS13cmFwcGVyJTIwJTIwJTIwdmNfYm94X2JvcmRlcl9ncmV5JTIyJTNFJTNDaW1nJTIwZGVjb2RpbmclM0QlMjJhc3luYyUyMiUyMGNsYXNzJTNEJTIydmNfc2luZ2xlX2ltYWdlLWltZyUyMCUyMiUyMHNyYyUzRCUyMmh0dHBzJTNBJTJGJTJGd3d3LnZpc2l0cml2aWVyYWFwdWFuYS5pdCUyRndwLWNvbnRlbnQlMkZ1cGxvYWRzJTJGMjAyNCUyRjEwJTJGbG9nb19mc2MucG5nJTIyJTIwd2lkdGglM0QlMjIyMDAlMjIlMjBoZWlnaHQlM0QlMjIxMDQlMjIlMjBhbHQlM0QlMjJsb2dvX2ZzYyUyMiUyMHRpdGxlJTNEJTIybG9nb19mc2MlMjIlM0UlM0MlMkZkaXYlM0UlM0MlMkZmaWd1cmUlM0UlM0MlMkZkaXYlM0UlM0MlMkZkaXYlM0UlM0MlMkZkaXYlM0UlM0MlMkZkaXYlM0UlM0NkaXYlMjBjbGFzcyUzRCUyMndwYl9jb2x1bW4lMjB2Y19jb2x1bW5fY29udGFpbmVyJTIwdmNfY29sLXNtLTMlMjIlM0UlM0NkaXYlMjBjbGFzcyUzRCUyMnZjX2NvbHVtbi1pbm5lciUyMiUzRSUzQ2RpdiUyMGNsYXNzJTNEJTIyd3BiX3dyYXBwZXIlMjIlM0UlM0NkaXYlMjBjbGFzcyUzRCUyMnZjX2VtcHR5X3NwYWNlJTIyJTIwc3R5bGUlM0QlMjJoZWlnaHQlM0ElMjA1cmVtJTIyJTNFJTNDc3BhbiUyMGNsYXNzJTNEJTIydmNfZW1wdHlfc3BhY2VfaW5uZXIlMjIlM0UlM0MlMkZzcGFuJTNFJTNDJTJGZGl2JTNFJTNDZGl2JTIwY2xhc3MlM0QlMjJ3cGJfc2luZ2xlX2ltYWdlJTIwd3BiX2NvbnRlbnRfZWxlbWVudCUyMHZjX2FsaWduX2NlbnRlciUyMiUzRSUzQ2ZpZ3VyZSUyMGNsYXNzJTNEJTIyd3BiX3dyYXBwZXIlMjB2Y19maWd1cmUlMjIlM0UlM0NkaXYlMjBjbGFzcyUzRCUyMnZjX3NpbmdsZV9pbWFnZS13cmFwcGVyJTIwJTIwJTIwdmNfYm94X2JvcmRlcl9ncmV5JTIyJTNFJTNDaW1nJTIwZGVjb2RpbmclM0QlMjJhc3luYyUyMiUyMGNsYXNzJTNEJTIydmNfc2luZ2xlX2ltYWdlLWltZyUyMCUyMiUyMHNyYyUzRCUyMmh0dHBzJTNBJTJGJTJGd3d3LnZpc2l0cml2aWVyYWFwdWFuYS5pdCUyRndwLWNvbnRlbnQlMkZ1cGxvYWRzJTJGMjAyNCUyRjEwJTJGbG9nb190b3NjYW5hLnBuZyUyMiUyMHdpZHRoJTNEJTIyMjAwJTIyJTIwaGVpZ2h0JTNEJTIyMTA0JTIyJTIwYWx0JTNEJTIybG9nb190b3NjYW5hJTIyJTIwdGl0bGUlM0QlMjJsb2dvX3Rvc2NhbmElMjIlM0UlM0MlMkZkaXYlM0UlM0MlMkZmaWd1cmUlM0UlM0MlMkZkaXYlM0UlM0MlMkZkaXYlM0UlM0MlMkZkaXYlM0UlM0MlMkZkaXYlM0UlM0NkaXYlMjBjbGFzcyUzRCUyMndwYl9jb2x1bW4lMjB2Y19jb2x1bW5fY29udGFpbmVyJTIwdmNfY29sLXNtLTMlMjIlM0UlM0NkaXYlMjBjbGFzcyUzRCUyMnZjX2NvbHVtbi1pbm5lciUyMiUzRSUzQ2RpdiUyMGNsYXNzJTNEJTIyd3BiX3dyYXBwZXIlMjIlM0UlM0NkaXYlMjBjbGFzcyUzRCUyMnZjX2VtcHR5X3NwYWNlJTIyJTIwc3R5bGUlM0QlMjJoZWlnaHQlM0ElMjA1cmVtJTIyJTNFJTNDc3BhbiUyMGNsYXNzJTNEJTIydmNfZW1wdHlfc3BhY2VfaW5uZXIlMjIlM0UlM0MlMkZzcGFuJTNFJTNDJTJGZGl2JTNFJTNDZGl2JTIwY2xhc3MlM0QlMjJ3cGJfc2luZ2xlX2ltYWdlJTIwd3BiX2NvbnRlbnRfZWxlbWVudCUyMHZjX2FsaWduX2NlbnRlciUyMiUzRSUzQ2ZpZ3VyZSUyMGNsYXNzJTNEJTIyd3BiX3dyYXBwZXIlMjB2Y19maWd1cmUlMjIlM0UlM0NkaXYlMjBjbGFzcyUzRCUyMnZjX3NpbmdsZV9pbWFnZS13cmFwcGVyJTIwJTIwJTIwdmNfYm94X2JvcmRlcl9ncmV5JTIyJTNFJTNDaW1nJTIwZGVjb2RpbmclM0QlMjJhc3luYyUyMiUyMGNsYXNzJTNEJTIydmNfc2luZ2xlX2ltYWdlLWltZyUyMCUyMiUyMHNyYyUzRCUyMmh0dHBzJTNBJTJGJTJGd3d3LnZpc2l0cml2aWVyYWFwdWFuYS5pdCUyRndwLWNvbnRlbnQlMkZ1cGxvYWRzJTJGMjAyNCUyRjEwJTJGbG9nb19yZXB1YmJsaWNhLnBuZyUyMiUyMHdpZHRoJTNEJTIyMjAwJTIyJTIwaGVpZ2h0JTNEJTIyMTA0JTIyJTIwYWx0JTNEJTIybG9nb19yZXB1YmJsaWNhJTIyJTIwdGl0bGUlM0QlMjJsb2dvX3JlcHViYmxpY2ElMjIlM0UlM0MlMkZkaXYlM0UlM0MlMkZmaWd1cmUlM0UlM0MlMkZkaXYlM0UlM0MlMkZkaXYlM0UlM0MlMkZkaXYlM0UlM0MlMkZkaXYlM0UlM0NkaXYlMjBjbGFzcyUzRCUyMndwYl9jb2x1bW4lMjB2Y19jb2x1bW5fY29udGFpbmVyJTIwdmNfY29sLXNtLTMlMjIlM0UlM0NkaXYlMjBjbGFzcyUzRCUyMnZjX2NvbHVtbi1pbm5lciUyMiUzRSUzQ2RpdiUyMGNsYXNzJTNEJTIyd3BiX3dyYXBwZXIlMjIlM0UlM0NkaXYlMjBjbGFzcyUzRCUyMnZjX2VtcHR5X3NwYWNlJTIyJTIwc3R5bGUlM0QlMjJoZWlnaHQlM0ElMjA1cmVtJTIyJTNFJTNDc3BhbiUyMGNsYXNzJTNEJTIydmNfZW1wdHlfc3BhY2VfaW5uZXIlMjIlM0UlM0MlMkZzcGFuJTNFJTNDJTJGZGl2JTNFJTNDZGl2JTIwY2xhc3MlM0QlMjJ3cGJfc2luZ2xlX2ltYWdlJTIwd3BiX2NvbnRlbnRfZWxlbWVudCUyMHZjX2FsaWduX2NlbnRlciUyMiUzRSUzQ2ZpZ3VyZSUyMGNsYXNzJTNEJTIyd3BiX3dyYXBwZXIlMjB2Y19maWd1cmUlMjIlM0UlM0NkaXYlMjBjbGFzcyUzRCUyMnZjX3NpbmdsZV9pbWFnZS13cmFwcGVyJTIwJTIwJTIwdmNfYm94X2JvcmRlcl9ncmV5JTIyJTNFJTNDaW1nJTIwbG9hZGluZyUzRCUyMmxhenklMjIlMjBkZWNvZGluZyUzRCUyMmFzeW5jJTIyJTIwY2xhc3MlM0QlMjJ2Y19zaW5nbGVfaW1hZ2UtaW1nJTIwJTIyJTIwc3JjJTNEJTIyaHR0cHMlM0ElMkYlMkZ3d3cudmlzaXRyaXZpZXJhYXB1YW5hLml0JTJGd3AtY29udGVudCUyRnVwbG9hZHMlMkYyMDI0JTJGMTAlMkZsb2dvX3Byb21vemlvbmUucG5nJTIyJTIwd2lkdGglM0QlMjIyMDAlMjIlMjBoZWlnaHQlM0QlMjIxMDQlMjIlMjBhbHQlM0QlMjJsb2dvX3Byb21vemlvbmUlMjIlMjB0aXRsZSUzRCUyMmxvZ29fcHJvbW96aW9uZSUyMiUzRSUzQyUyRmRpdiUzRSUzQyUyRmZpZ3VyZSUzRSUzQyUyRmRpdiUzRSUzQyUyRmRpdiUzRSUzQyUyRmRpdiUzRSUzQyUyRmRpdiUzRSUzQyUyRmRpdiUzRQ==[\/vc_raw_html][\/vc_column][\/vc_row]<\/p>\n<\/div>","protected":false},"excerpt":{"rendered":"<p>[vc_row][vc_column][vc_column_text]Proyecto financiado con fondos FSC En el a\u00f1o 2022 el Ambito Turistico Riviera Apuanaparticip\u00f3 en la Convocatoria (Decreto R.T. 29&#8230;<\/p>\n","protected":false},"author":1,"featured_media":0,"parent":0,"menu_order":0,"comment_status":"closed","ping_status":"closed","template":"","meta":{"footnotes":""},"class_list":["post-63498","page","type-page","status-publish"],"acf":[],"yoast_head":"<!-- This site is optimized with the Yoast SEO plugin v26.7 - https:\/\/yoast.com\/wordpress\/plugins\/seo\/ -->\n<title>Proyecto financiado con fondos FSC - Visit Riviera Apuana<\/title>\n<meta name=\"robots\" content=\"index, follow, max-snippet:-1, max-image-preview:large, max-video-preview:-1\" \/>\n<link rel=\"canonical\" href=\"https:\/\/www.visitrivieraapuana.it\/progetto-finanziato-con-fondi-fsc\/\" \/>\n<meta property=\"og:locale\" content=\"es_ES\" \/>\n<meta property=\"og:type\" content=\"article\" \/>\n<meta property=\"og:title\" content=\"Proyecto financiado con fondos FSC - Visit Riviera Apuana\" \/>\n<meta property=\"og:description\" content=\"[vc_row][vc_column][vc_column_text]Proyecto financiado con fondos FSC En el a\u00f1o 2022 el Ambito Turistico Riviera Apuanaparticip\u00f3 en la Convocatoria (Decreto R.T. 29...\" \/>\n<meta property=\"og:url\" content=\"https:\/\/www.visitrivieraapuana.it\/progetto-finanziato-con-fondi-fsc\/\" \/>\n<meta property=\"og:site_name\" content=\"Visit Riviera Apuana\" \/>\n<meta property=\"article:publisher\" content=\"https:\/\/www.facebook.com\/visitrivieraapuana\" \/>\n<meta property=\"article:modified_time\" content=\"2024-10-21T08:21:43+00:00\" \/>\n<meta name=\"twitter:card\" content=\"summary_large_image\" \/>\n<meta name=\"twitter:label1\" content=\"Tiempo de lectura\" \/>\n\t<meta name=\"twitter:data1\" content=\"2 minutos\" \/>\n<script type=\"application\/ld+json\" class=\"yoast-schema-graph\">{\"@context\":\"https:\/\/schema.org\",\"@graph\":[{\"@type\":\"WebPage\",\"@id\":\"https:\/\/www.visitrivieraapuana.it\/progetto-finanziato-con-fondi-fsc\/\",\"url\":\"https:\/\/www.visitrivieraapuana.it\/progetto-finanziato-con-fondi-fsc\/\",\"name\":\"Proyecto financiado con fondos FSC - Visit Riviera Apuana\",\"isPartOf\":{\"@id\":\"https:\/\/www.visitrivieraapuana.it\/#website\"},\"datePublished\":\"2024-10-21T07:49:49+00:00\",\"dateModified\":\"2024-10-21T08:21:43+00:00\",\"breadcrumb\":{\"@id\":\"https:\/\/www.visitrivieraapuana.it\/progetto-finanziato-con-fondi-fsc\/#breadcrumb\"},\"inLanguage\":\"es\",\"potentialAction\":[{\"@type\":\"ReadAction\",\"target\":[\"https:\/\/www.visitrivieraapuana.it\/progetto-finanziato-con-fondi-fsc\/\"]}]},{\"@type\":\"BreadcrumbList\",\"@id\":\"https:\/\/www.visitrivieraapuana.it\/progetto-finanziato-con-fondi-fsc\/#breadcrumb\",\"itemListElement\":[{\"@type\":\"ListItem\",\"position\":1,\"name\":\"Home\",\"item\":\"https:\/\/www.visitrivieraapuana.it\/es\/\"},{\"@type\":\"ListItem\",\"position\":2,\"name\":\"Proyecto financiado con fondos FSC\"}]},{\"@type\":\"WebSite\",\"@id\":\"https:\/\/www.visitrivieraapuana.it\/#website\",\"url\":\"https:\/\/www.visitrivieraapuana.it\/\",\"name\":\"Visit Riviera Apuana\",\"description\":\"Sito del Turismo di Massa-Carrara. Scopri Massa-Carrara: sport, natura e cultura affacciati sul mare.\",\"publisher\":{\"@id\":\"https:\/\/www.visitrivieraapuana.it\/#organization\"},\"potentialAction\":[{\"@type\":\"SearchAction\",\"target\":{\"@type\":\"EntryPoint\",\"urlTemplate\":\"https:\/\/www.visitrivieraapuana.it\/?s={search_term_string}\"},\"query-input\":{\"@type\":\"PropertyValueSpecification\",\"valueRequired\":true,\"valueName\":\"search_term_string\"}}],\"inLanguage\":\"es\"},{\"@type\":\"Organization\",\"@id\":\"https:\/\/www.visitrivieraapuana.it\/#organization\",\"name\":\"Visit Riviera Apuana\",\"url\":\"https:\/\/www.visitrivieraapuana.it\/\",\"logo\":{\"@type\":\"ImageObject\",\"inLanguage\":\"es\",\"@id\":\"https:\/\/www.visitrivieraapuana.it\/#\/schema\/logo\/image\/\",\"url\":\"https:\/\/www.visitrivieraapuana.it\/wp-content\/uploads\/2020\/10\/RIVIERA-APUANA_LOGO_cmyk.svg\",\"contentUrl\":\"https:\/\/www.visitrivieraapuana.it\/wp-content\/uploads\/2020\/10\/RIVIERA-APUANA_LOGO_cmyk.svg\",\"width\":1,\"height\":1,\"caption\":\"Visit Riviera Apuana\"},\"image\":{\"@id\":\"https:\/\/www.visitrivieraapuana.it\/#\/schema\/logo\/image\/\"},\"sameAs\":[\"https:\/\/www.facebook.com\/visitrivieraapuana\",\"https:\/\/www.instagram.com\/visitrivieraapuana\"]}]}<\/script>\n<!-- \/ Yoast SEO plugin. -->","yoast_head_json":{"title":"Proyecto financiado con fondos FSC - Visit Riviera Apuana","robots":{"index":"index","follow":"follow","max-snippet":"max-snippet:-1","max-image-preview":"max-image-preview:large","max-video-preview":"max-video-preview:-1"},"canonical":"https:\/\/www.visitrivieraapuana.it\/progetto-finanziato-con-fondi-fsc\/","og_locale":"es_ES","og_type":"article","og_title":"Proyecto financiado con fondos FSC - Visit Riviera Apuana","og_description":"[vc_row][vc_column][vc_column_text]Proyecto financiado con fondos FSC En el a\u00f1o 2022 el Ambito Turistico Riviera Apuanaparticip\u00f3 en la Convocatoria (Decreto R.T. 29...","og_url":"https:\/\/www.visitrivieraapuana.it\/progetto-finanziato-con-fondi-fsc\/","og_site_name":"Visit Riviera Apuana","article_publisher":"https:\/\/www.facebook.com\/visitrivieraapuana","article_modified_time":"2024-10-21T08:21:43+00:00","twitter_card":"summary_large_image","twitter_misc":{"Tiempo de lectura":"2 minutos"},"schema":{"@context":"https:\/\/schema.org","@graph":[{"@type":"WebPage","@id":"https:\/\/www.visitrivieraapuana.it\/progetto-finanziato-con-fondi-fsc\/","url":"https:\/\/www.visitrivieraapuana.it\/progetto-finanziato-con-fondi-fsc\/","name":"Proyecto financiado con fondos FSC - Visit Riviera Apuana","isPartOf":{"@id":"https:\/\/www.visitrivieraapuana.it\/#website"},"datePublished":"2024-10-21T07:49:49+00:00","dateModified":"2024-10-21T08:21:43+00:00","breadcrumb":{"@id":"https:\/\/www.visitrivieraapuana.it\/progetto-finanziato-con-fondi-fsc\/#breadcrumb"},"inLanguage":"es","potentialAction":[{"@type":"ReadAction","target":["https:\/\/www.visitrivieraapuana.it\/progetto-finanziato-con-fondi-fsc\/"]}]},{"@type":"BreadcrumbList","@id":"https:\/\/www.visitrivieraapuana.it\/progetto-finanziato-con-fondi-fsc\/#breadcrumb","itemListElement":[{"@type":"ListItem","position":1,"name":"Home","item":"https:\/\/www.visitrivieraapuana.it\/es\/"},{"@type":"ListItem","position":2,"name":"Proyecto financiado con fondos FSC"}]},{"@type":"WebSite","@id":"https:\/\/www.visitrivieraapuana.it\/#website","url":"https:\/\/www.visitrivieraapuana.it\/","name":"Visit Riviera Apuana","description":"Sito del Turismo di Massa-Carrara. Scopri Massa-Carrara: sport, natura e cultura affacciati sul mare.","publisher":{"@id":"https:\/\/www.visitrivieraapuana.it\/#organization"},"potentialAction":[{"@type":"SearchAction","target":{"@type":"EntryPoint","urlTemplate":"https:\/\/www.visitrivieraapuana.it\/?s={search_term_string}"},"query-input":{"@type":"PropertyValueSpecification","valueRequired":true,"valueName":"search_term_string"}}],"inLanguage":"es"},{"@type":"Organization","@id":"https:\/\/www.visitrivieraapuana.it\/#organization","name":"Visit Riviera Apuana","url":"https:\/\/www.visitrivieraapuana.it\/","logo":{"@type":"ImageObject","inLanguage":"es","@id":"https:\/\/www.visitrivieraapuana.it\/#\/schema\/logo\/image\/","url":"https:\/\/www.visitrivieraapuana.it\/wp-content\/uploads\/2020\/10\/RIVIERA-APUANA_LOGO_cmyk.svg","contentUrl":"https:\/\/www.visitrivieraapuana.it\/wp-content\/uploads\/2020\/10\/RIVIERA-APUANA_LOGO_cmyk.svg","width":1,"height":1,"caption":"Visit Riviera Apuana"},"image":{"@id":"https:\/\/www.visitrivieraapuana.it\/#\/schema\/logo\/image\/"},"sameAs":["https:\/\/www.facebook.com\/visitrivieraapuana","https:\/\/www.instagram.com\/visitrivieraapuana"]}]}},"_links":{"self":[{"href":"https:\/\/www.visitrivieraapuana.it\/es\/wp-json\/wp\/v2\/pages\/63498","targetHints":{"allow":["GET"]}}],"collection":[{"href":"https:\/\/www.visitrivieraapuana.it\/es\/wp-json\/wp\/v2\/pages"}],"about":[{"href":"https:\/\/www.visitrivieraapuana.it\/es\/wp-json\/wp\/v2\/types\/page"}],"author":[{"embeddable":true,"href":"https:\/\/www.visitrivieraapuana.it\/es\/wp-json\/wp\/v2\/users\/1"}],"replies":[{"embeddable":true,"href":"https:\/\/www.visitrivieraapuana.it\/es\/wp-json\/wp\/v2\/comments?post=63498"}],"version-history":[{"count":3,"href":"https:\/\/www.visitrivieraapuana.it\/es\/wp-json\/wp\/v2\/pages\/63498\/revisions"}],"predecessor-version":[{"id":63515,"href":"https:\/\/www.visitrivieraapuana.it\/es\/wp-json\/wp\/v2\/pages\/63498\/revisions\/63515"}],"wp:attachment":[{"href":"https:\/\/www.visitrivieraapuana.it\/es\/wp-json\/wp\/v2\/media?parent=63498"}],"curies":[{"name":"wp","href":"https:\/\/api.w.org\/{rel}","templated":true}]}}