{"id":63497,"date":"2024-10-21T07:49:49","date_gmt":"2024-10-21T07:49:49","guid":{"rendered":"https:\/\/www.visitrivieraapuana.it\/progetto-finanziato-con-fondi-fsc\/"},"modified":"2024-10-21T08:21:34","modified_gmt":"2024-10-21T08:21:34","slug":"mit-fsc-mitteln-finanziertes-projekt","status":"publish","type":"page","link":"https:\/\/www.visitrivieraapuana.it\/de\/mit-fsc-mitteln-finanziertes-projekt\/","title":{"rendered":"Mit FSC-Mitteln finanziertes Projekt"},"content":{"rendered":"<div class=\"wpb-content-wrapper\"><p>[vc_row][vc_column][vc_column_text<b>]Mit FSC-Mitteln finanziertes Projekt<\/b><\/p>\n<p><span style=\"font-weight: 400;\">Im Jahr 2022 beteiligte sich das Ambito Turistico Riviera Apuana an der Bekanntmachung (Dekret R.T. vom 29. M\u00e4rz 2022, Nr. 5985) f\u00fcr die Pr\u00e4sentation eines Interventionsprojekts, das auf die Verbesserung der Attraktivit\u00e4t der Reiseziele abzielt, d.h. auf die Verbesserung der Aufnahmef\u00e4higkeit der Gebiete aus touristischer Sicht, und das unter die Aufgaben und Funktionen f\u00e4llt, die das Regionalgesetz Nr. 86\/2016 f\u00fcr die Ambiti territoriali vorsieht, mit dem Titel <\/span><b>Riviera Apuana &#8211; Terra Scolpita: f\u00fcr die Qualifizierung des lokalen touristischen Angebots.<\/b><\/p>\n<p><span style=\"font-weight: 400;\">Das Ziel des Projekts ist die Aufwertung und der Fortschritt der Organisation des touristischen Angebots, die Verbesserung des Empfangsniveaus des Gebiets und seine Koordinierung, gem\u00e4\u00df einer Vision, die sich an den Trends der aktuellen und potentiellen touristischen Nachfrage orientiert, in einer Art und Weise, die mit den realen Bed\u00fcrfnissen des Reiseziels und mit den von TPT festgelegten strategischen und Governance-Zielen \u00fcbereinstimmt <\/span><\/p>\n<p><b>Aktionen und Aktivit\u00e4ten<\/b><\/p>\n<p><span style=\"font-weight: 400;\">Im Rahmen des Projekts sind folgende Ma\u00dfnahmen vorgesehen<\/span><\/p>\n<ul>\n<li style=\"font-weight: 400;\" aria-level=\"1\"><span style=\"font-weight: 400;\">Aktualisierung des Ambit-Personals und der Mitarbeiter der I.A.T.-Netzwerkdienste.<\/span><\/li>\n<li style=\"font-weight: 400;\" aria-level=\"1\"><span style=\"font-weight: 400;\">Aktivit\u00e4ten zur Unterst\u00fctzung der von Toscana Promozione Turistica gef\u00f6rderten Initiativen<\/span><\/li>\n<li style=\"font-weight: 400;\" aria-level=\"1\"><span style=\"font-weight: 400;\">Audits der Reiseziele<\/span><\/li>\n<li style=\"font-weight: 400;\" aria-level=\"1\"><span style=\"font-weight: 400;\">Koordinierung des touristischen Angebots<\/span><\/li>\n<li style=\"font-weight: 400;\" aria-level=\"1\"><span style=\"font-weight: 400;\">Implementierung von Inhalten f\u00fcr das Destinationsportal, das regionale Portal und die sozialen Netzwerke<\/span><\/li>\n<li style=\"font-weight: 400;\" aria-level=\"1\"><span style=\"font-weight: 400;\">Einf\u00fchrung digitaler Instrumente in den IAT-Punkten des Ambit-Netzes<\/span><\/li>\n<li style=\"font-weight: 400;\" aria-level=\"1\"><span style=\"font-weight: 400;\">Koordiniertes Informationsmaterial<\/span><\/li>\n<li style=\"font-weight: 400;\" aria-level=\"1\"><span style=\"font-weight: 400;\">Gastfreundschafts-Patent<\/span><\/li>\n<li style=\"font-weight: 400;\" aria-level=\"1\"><span style=\"font-weight: 400;\">Produktion von kurzen thematischen Erlebnisvideos<\/span><\/li>\n<li style=\"font-weight: 400;\" aria-level=\"1\"><span style=\"font-weight: 400;\">\u00dcberarbeitung des Destinationsportals<\/span><\/li>\n<li style=\"font-weight: 400;\" aria-level=\"1\"><span style=\"font-weight: 400;\">Digitales Informationssystem QR-Code<\/span><\/li>\n<li style=\"font-weight: 400;\" aria-level=\"1\"><span style=\"font-weight: 400;\">Unterst\u00fctzung f\u00fcr den Start der DMC-Aktivit\u00e4t Area<\/span><\/li>\n<\/ul>\n<p><b>Finanzierung<\/b><\/p>\n<p><span style=\"font-weight: 400;\">Das Projekt wird aus FSC-Mitteln mit einem Beitrag von 163.982,51 \u20ac finanziert. <\/span>[\/vc_column_text][\/vc_column][\/vc_row][vc_row][vc_column][vc_raw_html css=&#8221;&#8221;]JTNDZGl2JTIwY2xhc3MlM0QlMjJ2Y19yb3clMjB3cGJfcm93JTIwdmNfaW5uZXIlMjB2Y19yb3ctZmx1aWQlMjIlM0UlM0NkaXYlMjBjbGFzcyUzRCUyMndwYl9jb2x1bW4lMjB2Y19jb2x1bW5fY29udGFpbmVyJTIwdmNfY29sLXNtLTMlMjIlM0UlM0NkaXYlMjBjbGFzcyUzRCUyMnZjX2NvbHVtbi1pbm5lciUyMiUzRSUzQ2RpdiUyMGNsYXNzJTNEJTIyd3BiX3dyYXBwZXIlMjIlM0UlM0NkaXYlMjBjbGFzcyUzRCUyMnZjX2VtcHR5X3NwYWNlJTIyJTIwc3R5bGUlM0QlMjJoZWlnaHQlM0ElMjA1cmVtJTIyJTNFJTNDc3BhbiUyMGNsYXNzJTNEJTIydmNfZW1wdHlfc3BhY2VfaW5uZXIlMjIlM0UlM0MlMkZzcGFuJTNFJTNDJTJGZGl2JTNFJTNDZGl2JTIwY2xhc3MlM0QlMjJ3cGJfc2luZ2xlX2ltYWdlJTIwd3BiX2NvbnRlbnRfZWxlbWVudCUyMHZjX2FsaWduX2NlbnRlciUyMiUzRSUzQ2ZpZ3VyZSUyMGNsYXNzJTNEJTIyd3BiX3dyYXBwZXIlMjB2Y19maWd1cmUlMjIlM0UlM0NkaXYlMjBjbGFzcyUzRCUyMnZjX3NpbmdsZV9pbWFnZS13cmFwcGVyJTIwJTIwJTIwdmNfYm94X2JvcmRlcl9ncmV5JTIyJTNFJTNDaW1nJTIwZGVjb2RpbmclM0QlMjJhc3luYyUyMiUyMGNsYXNzJTNEJTIydmNfc2luZ2xlX2ltYWdlLWltZyUyMCUyMiUyMHNyYyUzRCUyMmh0dHBzJTNBJTJGJTJGd3d3LnZpc2l0cml2aWVyYWFwdWFuYS5pdCUyRndwLWNvbnRlbnQlMkZ1cGxvYWRzJTJGMjAyNCUyRjEwJTJGbG9nb19mc2MucG5nJTIyJTIwd2lkdGglM0QlMjIyMDAlMjIlMjBoZWlnaHQlM0QlMjIxMDQlMjIlMjBhbHQlM0QlMjJsb2dvX2ZzYyUyMiUyMHRpdGxlJTNEJTIybG9nb19mc2MlMjIlM0UlM0MlMkZkaXYlM0UlM0MlMkZmaWd1cmUlM0UlM0MlMkZkaXYlM0UlM0MlMkZkaXYlM0UlM0MlMkZkaXYlM0UlM0MlMkZkaXYlM0UlM0NkaXYlMjBjbGFzcyUzRCUyMndwYl9jb2x1bW4lMjB2Y19jb2x1bW5fY29udGFpbmVyJTIwdmNfY29sLXNtLTMlMjIlM0UlM0NkaXYlMjBjbGFzcyUzRCUyMnZjX2NvbHVtbi1pbm5lciUyMiUzRSUzQ2RpdiUyMGNsYXNzJTNEJTIyd3BiX3dyYXBwZXIlMjIlM0UlM0NkaXYlMjBjbGFzcyUzRCUyMnZjX2VtcHR5X3NwYWNlJTIyJTIwc3R5bGUlM0QlMjJoZWlnaHQlM0ElMjA1cmVtJTIyJTNFJTNDc3BhbiUyMGNsYXNzJTNEJTIydmNfZW1wdHlfc3BhY2VfaW5uZXIlMjIlM0UlM0MlMkZzcGFuJTNFJTNDJTJGZGl2JTNFJTNDZGl2JTIwY2xhc3MlM0QlMjJ3cGJfc2luZ2xlX2ltYWdlJTIwd3BiX2NvbnRlbnRfZWxlbWVudCUyMHZjX2FsaWduX2NlbnRlciUyMiUzRSUzQ2ZpZ3VyZSUyMGNsYXNzJTNEJTIyd3BiX3dyYXBwZXIlMjB2Y19maWd1cmUlMjIlM0UlM0NkaXYlMjBjbGFzcyUzRCUyMnZjX3NpbmdsZV9pbWFnZS13cmFwcGVyJTIwJTIwJTIwdmNfYm94X2JvcmRlcl9ncmV5JTIyJTNFJTNDaW1nJTIwZGVjb2RpbmclM0QlMjJhc3luYyUyMiUyMGNsYXNzJTNEJTIydmNfc2luZ2xlX2ltYWdlLWltZyUyMCUyMiUyMHNyYyUzRCUyMmh0dHBzJTNBJTJGJTJGd3d3LnZpc2l0cml2aWVyYWFwdWFuYS5pdCUyRndwLWNvbnRlbnQlMkZ1cGxvYWRzJTJGMjAyNCUyRjEwJTJGbG9nb190b3NjYW5hLnBuZyUyMiUyMHdpZHRoJTNEJTIyMjAwJTIyJTIwaGVpZ2h0JTNEJTIyMTA0JTIyJTIwYWx0JTNEJTIybG9nb190b3NjYW5hJTIyJTIwdGl0bGUlM0QlMjJsb2dvX3Rvc2NhbmElMjIlM0UlM0MlMkZkaXYlM0UlM0MlMkZmaWd1cmUlM0UlM0MlMkZkaXYlM0UlM0MlMkZkaXYlM0UlM0MlMkZkaXYlM0UlM0MlMkZkaXYlM0UlM0NkaXYlMjBjbGFzcyUzRCUyMndwYl9jb2x1bW4lMjB2Y19jb2x1bW5fY29udGFpbmVyJTIwdmNfY29sLXNtLTMlMjIlM0UlM0NkaXYlMjBjbGFzcyUzRCUyMnZjX2NvbHVtbi1pbm5lciUyMiUzRSUzQ2RpdiUyMGNsYXNzJTNEJTIyd3BiX3dyYXBwZXIlMjIlM0UlM0NkaXYlMjBjbGFzcyUzRCUyMnZjX2VtcHR5X3NwYWNlJTIyJTIwc3R5bGUlM0QlMjJoZWlnaHQlM0ElMjA1cmVtJTIyJTNFJTNDc3BhbiUyMGNsYXNzJTNEJTIydmNfZW1wdHlfc3BhY2VfaW5uZXIlMjIlM0UlM0MlMkZzcGFuJTNFJTNDJTJGZGl2JTNFJTNDZGl2JTIwY2xhc3MlM0QlMjJ3cGJfc2luZ2xlX2ltYWdlJTIwd3BiX2NvbnRlbnRfZWxlbWVudCUyMHZjX2FsaWduX2NlbnRlciUyMiUzRSUzQ2ZpZ3VyZSUyMGNsYXNzJTNEJTIyd3BiX3dyYXBwZXIlMjB2Y19maWd1cmUlMjIlM0UlM0NkaXYlMjBjbGFzcyUzRCUyMnZjX3NpbmdsZV9pbWFnZS13cmFwcGVyJTIwJTIwJTIwdmNfYm94X2JvcmRlcl9ncmV5JTIyJTNFJTNDaW1nJTIwZGVjb2RpbmclM0QlMjJhc3luYyUyMiUyMGNsYXNzJTNEJTIydmNfc2luZ2xlX2ltYWdlLWltZyUyMCUyMiUyMHNyYyUzRCUyMmh0dHBzJTNBJTJGJTJGd3d3LnZpc2l0cml2aWVyYWFwdWFuYS5pdCUyRndwLWNvbnRlbnQlMkZ1cGxvYWRzJTJGMjAyNCUyRjEwJTJGbG9nb19yZXB1YmJsaWNhLnBuZyUyMiUyMHdpZHRoJTNEJTIyMjAwJTIyJTIwaGVpZ2h0JTNEJTIyMTA0JTIyJTIwYWx0JTNEJTIybG9nb19yZXB1YmJsaWNhJTIyJTIwdGl0bGUlM0QlMjJsb2dvX3JlcHViYmxpY2ElMjIlM0UlM0MlMkZkaXYlM0UlM0MlMkZmaWd1cmUlM0UlM0MlMkZkaXYlM0UlM0MlMkZkaXYlM0UlM0MlMkZkaXYlM0UlM0MlMkZkaXYlM0UlM0NkaXYlMjBjbGFzcyUzRCUyMndwYl9jb2x1bW4lMjB2Y19jb2x1bW5fY29udGFpbmVyJTIwdmNfY29sLXNtLTMlMjIlM0UlM0NkaXYlMjBjbGFzcyUzRCUyMnZjX2NvbHVtbi1pbm5lciUyMiUzRSUzQ2RpdiUyMGNsYXNzJTNEJTIyd3BiX3dyYXBwZXIlMjIlM0UlM0NkaXYlMjBjbGFzcyUzRCUyMnZjX2VtcHR5X3NwYWNlJTIyJTIwc3R5bGUlM0QlMjJoZWlnaHQlM0ElMjA1cmVtJTIyJTNFJTNDc3BhbiUyMGNsYXNzJTNEJTIydmNfZW1wdHlfc3BhY2VfaW5uZXIlMjIlM0UlM0MlMkZzcGFuJTNFJTNDJTJGZGl2JTNFJTNDZGl2JTIwY2xhc3MlM0QlMjJ3cGJfc2luZ2xlX2ltYWdlJTIwd3BiX2NvbnRlbnRfZWxlbWVudCUyMHZjX2FsaWduX2NlbnRlciUyMiUzRSUzQ2ZpZ3VyZSUyMGNsYXNzJTNEJTIyd3BiX3dyYXBwZXIlMjB2Y19maWd1cmUlMjIlM0UlM0NkaXYlMjBjbGFzcyUzRCUyMnZjX3NpbmdsZV9pbWFnZS13cmFwcGVyJTIwJTIwJTIwdmNfYm94X2JvcmRlcl9ncmV5JTIyJTNFJTNDaW1nJTIwbG9hZGluZyUzRCUyMmxhenklMjIlMjBkZWNvZGluZyUzRCUyMmFzeW5jJTIyJTIwY2xhc3MlM0QlMjJ2Y19zaW5nbGVfaW1hZ2UtaW1nJTIwJTIyJTIwc3JjJTNEJTIyaHR0cHMlM0ElMkYlMkZ3d3cudmlzaXRyaXZpZXJhYXB1YW5hLml0JTJGd3AtY29udGVudCUyRnVwbG9hZHMlMkYyMDI0JTJGMTAlMkZsb2dvX3Byb21vemlvbmUucG5nJTIyJTIwd2lkdGglM0QlMjIyMDAlMjIlMjBoZWlnaHQlM0QlMjIxMDQlMjIlMjBhbHQlM0QlMjJsb2dvX3Byb21vemlvbmUlMjIlMjB0aXRsZSUzRCUyMmxvZ29fcHJvbW96aW9uZSUyMiUzRSUzQyUyRmRpdiUzRSUzQyUyRmZpZ3VyZSUzRSUzQyUyRmRpdiUzRSUzQyUyRmRpdiUzRSUzQyUyRmRpdiUzRSUzQyUyRmRpdiUzRSUzQyUyRmRpdiUzRQ==[\/vc_raw_html][\/vc_column][\/vc_row]<\/p>\n<\/div>","protected":false},"excerpt":{"rendered":"<p>[vc_row][vc_column][vc_column_text]Mit FSC-Mitteln finanziertes Projekt Im Jahr 2022 beteiligte sich das Ambito Turistico Riviera Apuana an der Bekanntmachung (Dekret R.T. vom&#8230;<\/p>\n","protected":false},"author":1,"featured_media":0,"parent":0,"menu_order":0,"comment_status":"closed","ping_status":"closed","template":"","meta":{"footnotes":""},"class_list":["post-63497","page","type-page","status-publish"],"acf":[],"yoast_head":"<!-- This site is optimized with the Yoast SEO plugin v26.7 - https:\/\/yoast.com\/wordpress\/plugins\/seo\/ -->\n<title>Mit FSC-Mitteln finanziertes Projekt - Visit Riviera Apuana<\/title>\n<meta name=\"robots\" content=\"index, follow, max-snippet:-1, max-image-preview:large, max-video-preview:-1\" \/>\n<link rel=\"canonical\" href=\"https:\/\/www.visitrivieraapuana.it\/progetto-finanziato-con-fondi-fsc\/\" \/>\n<meta property=\"og:locale\" content=\"de_DE\" \/>\n<meta property=\"og:type\" content=\"article\" \/>\n<meta property=\"og:title\" content=\"Mit FSC-Mitteln finanziertes Projekt - Visit Riviera Apuana\" \/>\n<meta property=\"og:description\" content=\"[vc_row][vc_column][vc_column_text]Mit FSC-Mitteln finanziertes Projekt Im Jahr 2022 beteiligte sich das Ambito Turistico Riviera Apuana an der Bekanntmachung (Dekret R.T. vom...\" \/>\n<meta property=\"og:url\" content=\"https:\/\/www.visitrivieraapuana.it\/progetto-finanziato-con-fondi-fsc\/\" \/>\n<meta property=\"og:site_name\" content=\"Visit Riviera Apuana\" \/>\n<meta property=\"article:publisher\" content=\"https:\/\/www.facebook.com\/visitrivieraapuana\" \/>\n<meta property=\"article:modified_time\" content=\"2024-10-21T08:21:34+00:00\" \/>\n<meta name=\"twitter:card\" content=\"summary_large_image\" \/>\n<meta name=\"twitter:label1\" content=\"Gesch\u00e4tzte Lesezeit\" \/>\n\t<meta name=\"twitter:data1\" content=\"2\u00a0Minuten\" \/>\n<script type=\"application\/ld+json\" class=\"yoast-schema-graph\">{\"@context\":\"https:\/\/schema.org\",\"@graph\":[{\"@type\":\"WebPage\",\"@id\":\"https:\/\/www.visitrivieraapuana.it\/progetto-finanziato-con-fondi-fsc\/\",\"url\":\"https:\/\/www.visitrivieraapuana.it\/progetto-finanziato-con-fondi-fsc\/\",\"name\":\"Mit FSC-Mitteln finanziertes Projekt - Visit Riviera Apuana\",\"isPartOf\":{\"@id\":\"https:\/\/www.visitrivieraapuana.it\/#website\"},\"datePublished\":\"2024-10-21T07:49:49+00:00\",\"dateModified\":\"2024-10-21T08:21:34+00:00\",\"breadcrumb\":{\"@id\":\"https:\/\/www.visitrivieraapuana.it\/progetto-finanziato-con-fondi-fsc\/#breadcrumb\"},\"inLanguage\":\"de\",\"potentialAction\":[{\"@type\":\"ReadAction\",\"target\":[\"https:\/\/www.visitrivieraapuana.it\/progetto-finanziato-con-fondi-fsc\/\"]}]},{\"@type\":\"BreadcrumbList\",\"@id\":\"https:\/\/www.visitrivieraapuana.it\/progetto-finanziato-con-fondi-fsc\/#breadcrumb\",\"itemListElement\":[{\"@type\":\"ListItem\",\"position\":1,\"name\":\"Home\",\"item\":\"https:\/\/www.visitrivieraapuana.it\/de\/\"},{\"@type\":\"ListItem\",\"position\":2,\"name\":\"Mit FSC-Mitteln finanziertes Projekt\"}]},{\"@type\":\"WebSite\",\"@id\":\"https:\/\/www.visitrivieraapuana.it\/#website\",\"url\":\"https:\/\/www.visitrivieraapuana.it\/\",\"name\":\"Visit Riviera Apuana\",\"description\":\"Sito del Turismo di Massa-Carrara. Scopri Massa-Carrara: sport, natura e cultura affacciati sul mare.\",\"publisher\":{\"@id\":\"https:\/\/www.visitrivieraapuana.it\/#organization\"},\"potentialAction\":[{\"@type\":\"SearchAction\",\"target\":{\"@type\":\"EntryPoint\",\"urlTemplate\":\"https:\/\/www.visitrivieraapuana.it\/?s={search_term_string}\"},\"query-input\":{\"@type\":\"PropertyValueSpecification\",\"valueRequired\":true,\"valueName\":\"search_term_string\"}}],\"inLanguage\":\"de\"},{\"@type\":\"Organization\",\"@id\":\"https:\/\/www.visitrivieraapuana.it\/#organization\",\"name\":\"Visit Riviera Apuana\",\"url\":\"https:\/\/www.visitrivieraapuana.it\/\",\"logo\":{\"@type\":\"ImageObject\",\"inLanguage\":\"de\",\"@id\":\"https:\/\/www.visitrivieraapuana.it\/#\/schema\/logo\/image\/\",\"url\":\"https:\/\/www.visitrivieraapuana.it\/wp-content\/uploads\/2020\/10\/RIVIERA-APUANA_LOGO_cmyk.svg\",\"contentUrl\":\"https:\/\/www.visitrivieraapuana.it\/wp-content\/uploads\/2020\/10\/RIVIERA-APUANA_LOGO_cmyk.svg\",\"width\":1,\"height\":1,\"caption\":\"Visit Riviera Apuana\"},\"image\":{\"@id\":\"https:\/\/www.visitrivieraapuana.it\/#\/schema\/logo\/image\/\"},\"sameAs\":[\"https:\/\/www.facebook.com\/visitrivieraapuana\",\"https:\/\/www.instagram.com\/visitrivieraapuana\"]}]}<\/script>\n<!-- \/ Yoast SEO plugin. -->","yoast_head_json":{"title":"Mit FSC-Mitteln finanziertes Projekt - Visit Riviera Apuana","robots":{"index":"index","follow":"follow","max-snippet":"max-snippet:-1","max-image-preview":"max-image-preview:large","max-video-preview":"max-video-preview:-1"},"canonical":"https:\/\/www.visitrivieraapuana.it\/progetto-finanziato-con-fondi-fsc\/","og_locale":"de_DE","og_type":"article","og_title":"Mit FSC-Mitteln finanziertes Projekt - Visit Riviera Apuana","og_description":"[vc_row][vc_column][vc_column_text]Mit FSC-Mitteln finanziertes Projekt Im Jahr 2022 beteiligte sich das Ambito Turistico Riviera Apuana an der Bekanntmachung (Dekret R.T. vom...","og_url":"https:\/\/www.visitrivieraapuana.it\/progetto-finanziato-con-fondi-fsc\/","og_site_name":"Visit Riviera Apuana","article_publisher":"https:\/\/www.facebook.com\/visitrivieraapuana","article_modified_time":"2024-10-21T08:21:34+00:00","twitter_card":"summary_large_image","twitter_misc":{"Gesch\u00e4tzte Lesezeit":"2\u00a0Minuten"},"schema":{"@context":"https:\/\/schema.org","@graph":[{"@type":"WebPage","@id":"https:\/\/www.visitrivieraapuana.it\/progetto-finanziato-con-fondi-fsc\/","url":"https:\/\/www.visitrivieraapuana.it\/progetto-finanziato-con-fondi-fsc\/","name":"Mit FSC-Mitteln finanziertes Projekt - Visit Riviera Apuana","isPartOf":{"@id":"https:\/\/www.visitrivieraapuana.it\/#website"},"datePublished":"2024-10-21T07:49:49+00:00","dateModified":"2024-10-21T08:21:34+00:00","breadcrumb":{"@id":"https:\/\/www.visitrivieraapuana.it\/progetto-finanziato-con-fondi-fsc\/#breadcrumb"},"inLanguage":"de","potentialAction":[{"@type":"ReadAction","target":["https:\/\/www.visitrivieraapuana.it\/progetto-finanziato-con-fondi-fsc\/"]}]},{"@type":"BreadcrumbList","@id":"https:\/\/www.visitrivieraapuana.it\/progetto-finanziato-con-fondi-fsc\/#breadcrumb","itemListElement":[{"@type":"ListItem","position":1,"name":"Home","item":"https:\/\/www.visitrivieraapuana.it\/de\/"},{"@type":"ListItem","position":2,"name":"Mit FSC-Mitteln finanziertes Projekt"}]},{"@type":"WebSite","@id":"https:\/\/www.visitrivieraapuana.it\/#website","url":"https:\/\/www.visitrivieraapuana.it\/","name":"Visit Riviera Apuana","description":"Sito del Turismo di Massa-Carrara. Scopri Massa-Carrara: sport, natura e cultura affacciati sul mare.","publisher":{"@id":"https:\/\/www.visitrivieraapuana.it\/#organization"},"potentialAction":[{"@type":"SearchAction","target":{"@type":"EntryPoint","urlTemplate":"https:\/\/www.visitrivieraapuana.it\/?s={search_term_string}"},"query-input":{"@type":"PropertyValueSpecification","valueRequired":true,"valueName":"search_term_string"}}],"inLanguage":"de"},{"@type":"Organization","@id":"https:\/\/www.visitrivieraapuana.it\/#organization","name":"Visit Riviera Apuana","url":"https:\/\/www.visitrivieraapuana.it\/","logo":{"@type":"ImageObject","inLanguage":"de","@id":"https:\/\/www.visitrivieraapuana.it\/#\/schema\/logo\/image\/","url":"https:\/\/www.visitrivieraapuana.it\/wp-content\/uploads\/2020\/10\/RIVIERA-APUANA_LOGO_cmyk.svg","contentUrl":"https:\/\/www.visitrivieraapuana.it\/wp-content\/uploads\/2020\/10\/RIVIERA-APUANA_LOGO_cmyk.svg","width":1,"height":1,"caption":"Visit Riviera Apuana"},"image":{"@id":"https:\/\/www.visitrivieraapuana.it\/#\/schema\/logo\/image\/"},"sameAs":["https:\/\/www.facebook.com\/visitrivieraapuana","https:\/\/www.instagram.com\/visitrivieraapuana"]}]}},"_links":{"self":[{"href":"https:\/\/www.visitrivieraapuana.it\/de\/wp-json\/wp\/v2\/pages\/63497","targetHints":{"allow":["GET"]}}],"collection":[{"href":"https:\/\/www.visitrivieraapuana.it\/de\/wp-json\/wp\/v2\/pages"}],"about":[{"href":"https:\/\/www.visitrivieraapuana.it\/de\/wp-json\/wp\/v2\/types\/page"}],"author":[{"embeddable":true,"href":"https:\/\/www.visitrivieraapuana.it\/de\/wp-json\/wp\/v2\/users\/1"}],"replies":[{"embeddable":true,"href":"https:\/\/www.visitrivieraapuana.it\/de\/wp-json\/wp\/v2\/comments?post=63497"}],"version-history":[{"count":3,"href":"https:\/\/www.visitrivieraapuana.it\/de\/wp-json\/wp\/v2\/pages\/63497\/revisions"}],"predecessor-version":[{"id":63513,"href":"https:\/\/www.visitrivieraapuana.it\/de\/wp-json\/wp\/v2\/pages\/63497\/revisions\/63513"}],"wp:attachment":[{"href":"https:\/\/www.visitrivieraapuana.it\/de\/wp-json\/wp\/v2\/media?parent=63497"}],"curies":[{"name":"wp","href":"https:\/\/api.w.org\/{rel}","templated":true}]}}